{"id":1469,"date":"2019-10-01T20:16:27","date_gmt":"2019-10-01T12:16:27","guid":{"rendered":"http:\/\/janahobson.com\/kontakt\/"},"modified":"2019-10-01T20:18:56","modified_gmt":"2019-10-01T12:18:56","slug":"kontakt","status":"publish","type":"page","link":"http:\/\/janahobson.com\/cs\/kontakt\/","title":{"rendered":"Kontakt"},"content":{"rendered":"<section class=\"wpb-content-wrapper\"><p>[vc_row main_heading=&#8220;WORK SKILLS.&#8220; main_heading_color=&#8220;#80d7fc&#8220; heading_tag=&#8220;h2&#8243; sub_heading_color=&#8220;#ffffff&#8220; alignment=&#8220;center&#8220; spacer=&#8220;no_spacer&#8220; spacer_position=&#8220;top&#8220; spacer_img_width=&#8220;48&#8243; line_style=&#8220;solid&#8220; line_height=&#8220;1&#8243; line_color=&#8220;#333333&#8243; line_icon_fixer=&#8220;10&#8243; main_heading_font_family=&#8220;font_family:Montserrat|font_call:Montserrat|variant:900&#8243; main_heading_style=&#8220;font-weight:900;&#8220; main_heading_font_size=&#8220;desktop:45px;&#8220; main_heading_margin=&#8220;margin-top:15px;margin-bottom:5PX;&#8220; sub_heading_font_family=&#8220;font_family:Roboto|font_call:Roboto|variant:900&#8243; sub_heading_style=&#8220;font-weight:900;&#8220; sub_heading_font_size=&#8220;desktop:30px;&#8220; sub_heading_margin=&#8220;margin-bottom:2%;&#8220; main_heading_typograpy=&#8220;&#8220; main_heading_line_height=&#8220;&#8220; margin_design_tab_text=&#8220;&#8220; sub_heading_typograpy=&#8220;&#8220; sub_heading_line_height=&#8220;&#8220; spacer_img=&#8220;&#8220; line_width=&#8220;&#8220; spacer_margin=&#8220;&#8220; css=&#8220;.vc_custom_1504584366118{padding-bottom: 5% !important;}&#8220;][vc_column]<div id=\"ultimate-heading-13869e0974ad4247\" class=\"uvc-heading ult-adjust-bottom-margin ultimate-heading-13869e0974ad4247 uvc-4541 \" data-hspacer=\"no_spacer\"  data-halign=\"center\" style=\"text-align:center\"><div class=\"uvc-heading-spacer no_spacer\" style=\"top\"><\/div><div class=\"uvc-main-heading ult-responsive\"  data-ultimate-target='.uvc-heading.ultimate-heading-13869e0974ad4247 h2'  data-responsive-json-new='{\"font-size\":\"desktop:45px;\",\"line-height\":\"\"}' ><h2 style=\"font-family:&#039;Montserrat&#039;;font-weight:900;color:#dddddd;margin-top:15px;margin-bottom:5PX;\">KONTAKTUJTE M\u011a.<\/h2><\/div><div class=\"uvc-sub-heading ult-responsive\"  data-ultimate-target='.uvc-heading.ultimate-heading-13869e0974ad4247 .uvc-sub-heading '  data-responsive-json-new='{\"font-size\":\"desktop:30px;\",\"line-height\":\"\"}'  style=\"font-family:&#039;Roboto&#039;;font-weight:900;color:#333333;margin-bottom:2%;\">PO\u0160LETE POZDRAV.<\/p>\n<p><\/div><\/div>[\/vc_column][\/vc_row][vc_row gap=&#8220;30&#8243;][vc_column width=&#8220;2\/3&#8243; css=&#8220;.vc_custom_1504412229591{padding-right: 5% !important;}&#8220;]<div class=\"wpforms-container wpforms-container-full\" id=\"wpforms-1466\"><form id=\"wpforms-form-1466\" class=\"wpforms-validate wpforms-form\" data-formid=\"1466\" method=\"post\" enctype=\"multipart\/form-data\" action=\"\/cs\/wp-json\/wp\/v2\/pages\/1469\/\" data-token=\"c92d6176a929f244a464811b454afcb3\" data-token-time=\"1776326474\"><noscript class=\"wpforms-error-noscript\">Chcete-li vyplnit tento formul\u00e1\u0159, pros\u00edm povolte v prohl\u00ed\u017ee\u010di JavaScript.<\/noscript><div class=\"wpforms-field-container\"><div id=\"wpforms-1466-field_0-container\" class=\"wpforms-field wpforms-field-name\" data-field-id=\"0\"><input type=\"text\" id=\"wpforms-1466-field_0\" class=\"wpforms-field-medium wpforms-field-required\" name=\"wpforms[fields][0]\" placeholder=\"Jm\u00e9no *\" required><\/div><div id=\"wpforms-1466-field_1-container\" class=\"wpforms-field wpforms-field-email\" data-field-id=\"1\"><input type=\"email\" id=\"wpforms-1466-field_1\" class=\"wpforms-field-medium wpforms-field-required\" name=\"wpforms[fields][1]\" placeholder=\"E-mail *\" spellcheck=\"false\" required><\/div><div id=\"wpforms-1466-field_2-container\" class=\"wpforms-field wpforms-field-textarea\" data-field-id=\"2\"><textarea id=\"wpforms-1466-field_2\" class=\"wpforms-field-medium wpforms-field-required\" name=\"wpforms[fields][2]\" placeholder=\"Jak v\u00e1m mohu pomoci? *\" required><\/textarea><\/div><div id=\"wpforms-1466-field_4-container\" class=\"wpforms-field wpforms-field-checkbox wpforms-list-3-columns\" data-field-id=\"4\"><label class=\"wpforms-field-label\">O co m\u00e1te z\u00e1jem?<\/label><ul id=\"wpforms-1466-field_4\"><li class=\"choice-1 depth-1\"><input type=\"checkbox\" id=\"wpforms-1466-field_4_1\" name=\"wpforms[fields][4][]\" value=\"Tvorba webov\u00fdch str\u00e1nek\"  ><label class=\"wpforms-field-label-inline\" for=\"wpforms-1466-field_4_1\">Tvorba webov\u00fdch str\u00e1nek<\/label><\/li><li class=\"choice-2 depth-1\"><input type=\"checkbox\" id=\"wpforms-1466-field_4_2\" name=\"wpforms[fields][4][]\" value=\"Ilustrace\"  ><label class=\"wpforms-field-label-inline\" for=\"wpforms-1466-field_4_2\">Ilustrace<\/label><\/li><li class=\"choice-3 depth-1\"><input type=\"checkbox\" id=\"wpforms-1466-field_4_3\" name=\"wpforms[fields][4][]\" value=\"Tiskov\u00e9 podklady\"  ><label class=\"wpforms-field-label-inline\" for=\"wpforms-1466-field_4_3\">Tiskov\u00e9 podklady<\/label><\/li><li class=\"choice-4 depth-1\"><input type=\"checkbox\" id=\"wpforms-1466-field_4_4\" name=\"wpforms[fields][4][]\" value=\"Focen\u00ed\"  ><label class=\"wpforms-field-label-inline\" for=\"wpforms-1466-field_4_4\">Focen\u00ed<\/label><\/li><li class=\"choice-6 depth-1\"><input type=\"checkbox\" id=\"wpforms-1466-field_4_6\" name=\"wpforms[fields][4][]\" value=\"Identita zna\u010dky \"  ><label class=\"wpforms-field-label-inline\" for=\"wpforms-1466-field_4_6\">Identita zna\u010dky<\/label><\/li><li class=\"choice-7 depth-1\"><input type=\"checkbox\" id=\"wpforms-1466-field_4_7\" name=\"wpforms[fields][4][]\" value=\"Tvorba loga\"  ><label class=\"wpforms-field-label-inline\" for=\"wpforms-1466-field_4_7\">Tvorba loga<\/label><\/li><li class=\"choice-8 depth-1\"><input type=\"checkbox\" id=\"wpforms-1466-field_4_8\" name=\"wpforms[fields][4][]\" value=\"Grafick\u00e9 pr\u00e1ce\"  ><label class=\"wpforms-field-label-inline\" for=\"wpforms-1466-field_4_8\">Grafick\u00e9 pr\u00e1ce<\/label><\/li><li class=\"choice-9 depth-1\"><input type=\"checkbox\" id=\"wpforms-1466-field_4_9\" name=\"wpforms[fields][4][]\" value=\"Ostatn\u00ed\"  ><label class=\"wpforms-field-label-inline\" for=\"wpforms-1466-field_4_9\">Ostatn\u00ed<\/label><\/li><\/ul><\/div><\/div><!-- .wpforms-field-container --><div class=\"wpforms-field wpforms-field-hp\"><label for=\"wpforms-1466-field-hp\" class=\"wpforms-field-label\">Website<\/label><input type=\"text\" name=\"wpforms[hp]\" id=\"wpforms-1466-field-hp\" class=\"wpforms-field-medium\"><\/div><div class=\"wpforms-recaptcha-container wpforms-is-recaptcha wpforms-is-recaptcha-type-v2\" ><div class=\"g-recaptcha\" data-sitekey=\"6LdI-LYZAAAAAK-WKhHiQYilFuEUawe_GmlnyUTI\"><\/div><input type=\"text\" name=\"g-recaptcha-hidden\" class=\"wpforms-recaptcha-hidden\" style=\"position:absolute!important;clip:rect(0,0,0,0)!important;height:1px!important;width:1px!important;border:0!important;overflow:hidden!important;padding:0!important;margin:0!important;\" data-rule-recaptcha=\"1\"><\/div><div class=\"wpforms-submit-container\" ><input type=\"hidden\" name=\"wpforms[id]\" value=\"1466\"><input type=\"hidden\" name=\"page_title\" value=\"\"><input type=\"hidden\" name=\"page_url\" value=\"http:\/\/janahobson.com\/cs\/wp-json\/wp\/v2\/pages\/1469\/\"><input type=\"hidden\" name=\"url_referer\" value=\"\"><button type=\"submit\" name=\"wpforms[submit]\" id=\"wpforms-submit-1466\" class=\"wpforms-submit\" data-alt-text=\"Odes\u00edl\u00e1n\u00ed...\" data-submit-text=\"Odeslat\" aria-live=\"assertive\" value=\"wpforms-submit\">Odeslat<\/button><\/div><\/form><\/div>  <!-- .wpforms-container -->[\/vc_column][vc_column width=&#8220;1\/3&#8243;][vc_gmaps link=&#8220;#E-8_JTNDaWZyYW1lJTIwc3JjJTNEJTIyaHR0cHMlM0ElMkYlMkZ3d3cuZ29vZ2xlLmNvbSUyRm1hcHMlMkZlbWJlZCUzRnBiJTNEJTIxMW0xOCUyMTFtMTIlMjExbTMlMjExZDIzNDAyMC4zNjYzNDMxNjkxOCUyMTJkNTguMjgzNTc5NzEzMDE2MjElMjEzZDIzLjU4Mzk0NjAwNTQ3OTA3OCUyMTJtMyUyMTFmMCUyMTJmMCUyMTNmMCUyMTNtMiUyMTFpMTAyNCUyMTJpNzY4JTIxNGYxMy4xJTIxM20zJTIxMW0yJTIxMXMweDNlOTFmZmE4ODc5YWFmYzklMjUzQTB4ZGI1Mzg3NmQwZDc5YTcyYyUyMTJzTWFza2F0JTIxNWUwJTIxM20yJTIxMXNjcyUyMTJzb20lMjE0djE1Njk4MTU2NDU4NjYlMjE1bTIlMjExc2NzJTIxMnNvbSUyMiUyMHdpZHRoJTNEJTIyNjAwJTIyJTIwaGVpZ2h0JTNEJTIyNDUwJTIyJTIwZnJhbWVib3JkZXIlM0QlMjIwJTIyJTIwc3R5bGUlM0QlMjJib3JkZXIlM0EwJTNCJTIyJTIwYWxsb3dmdWxsc2NyZWVuJTNEJTIyJTIyJTNFJTNDJTJGaWZyYW1lJTNF&#8220;][\/vc_column][\/vc_row]<\/p>\n<\/section>","protected":false},"excerpt":{"rendered":"[vc_row main_heading=\"WORK SKILLS.\" main_heading_color=\"#80d7fc\" heading_tag=\"h2\" sub_heading_color=\"#ffffff\" alignment=\"center\" spacer=\"no_spacer\" spacer_position=\"top\" spacer_img_width=\"48\" line_style=\"solid\" line_height=\"1\" line_color=\"#333333\" line_icon_fixer=\"10\" main_heading_font_family=\"font_family:Montserrat|font_call:Montserrat|variant:900\" main_heading_style=\"font-weight:900;\" main_heading_font_size=\"desktop:45px;\" main_heading_margin=\"margin-top:15px;margin-bottom:5PX;\" sub_heading_font_family=\"font_family:Roboto|font_call:Roboto|variant:900\" sub_heading_style=\"font-weight:900;\" sub_heading_font_size=\"desktop:30px;\" sub_heading_margin=\"margin-bottom:2%;\" main_heading_typograpy=\"\" main_heading_line_height=\"\" margin_design_tab_text=\"\" sub_heading_typograpy=\"\" sub_heading_line_height=\"\" spacer_img=\"\" line_width=\"\" spacer_margin=\"\"","protected":false},"author":3,"featured_media":0,"parent":0,"menu_order":0,"comment_status":"closed","ping_status":"closed","template":"","meta":{"_lmt_disableupdate":"","_lmt_disable":"","footnotes":""},"class_list":["post-1469","page","type-page","status-publish","hentry"],"yoast_head":"<!-- This site is optimized with the Yoast SEO plugin v27.4 - https:\/\/yoast.com\/product\/yoast-seo-wordpress\/ -->\n<title>Kontakt - Jana Hobson<\/title>\n<meta name=\"robots\" content=\"index, follow, max-snippet:-1, max-image-preview:large, max-video-preview:-1\" \/>\n<link rel=\"canonical\" href=\"https:\/\/janahobson.com\/cs\/kontakt\/\" \/>\n<meta property=\"og:locale\" content=\"cs_CZ\" \/>\n<meta property=\"og:type\" content=\"article\" \/>\n<meta property=\"og:title\" content=\"Kontakt - Jana Hobson\" \/>\n<meta property=\"og:url\" content=\"https:\/\/janahobson.com\/cs\/kontakt\/\" \/>\n<meta property=\"og:site_name\" content=\"Jana Hobson\" \/>\n<meta property=\"article:publisher\" content=\"http:\/\/www.facebook.com\/photojana\" \/>\n<meta property=\"article:modified_time\" content=\"2019-10-01T12:18:56+00:00\" \/>\n<meta property=\"og:image\" content=\"http:\/\/janahobson.com\/wp-content\/uploads\/2011\/12\/logo-big.png\" \/>\n\t<meta property=\"og:image:width\" content=\"230\" \/>\n\t<meta property=\"og:image:height\" content=\"219\" \/>\n\t<meta property=\"og:image:type\" content=\"image\/png\" \/>\n<meta name=\"twitter:card\" content=\"summary_large_image\" \/>\n<meta name=\"twitter:label1\" content=\"Odhadovan\u00e1 doba \u010dten\u00ed\" \/>\n\t<meta name=\"twitter:data1\" content=\"1 minuta\" \/>\n<script type=\"application\/ld+json\" class=\"yoast-schema-graph\">{\"@context\":\"https:\\\/\\\/schema.org\",\"@graph\":[{\"@type\":\"WebPage\",\"@id\":\"https:\\\/\\\/janahobson.com\\\/cs\\\/kontakt\\\/\",\"url\":\"https:\\\/\\\/janahobson.com\\\/cs\\\/kontakt\\\/\",\"name\":\"Kontakt - Jana Hobson\",\"isPartOf\":{\"@id\":\"http:\\\/\\\/janahobson.com\\\/cs\\\/#website\"},\"datePublished\":\"2019-10-01T12:16:27+00:00\",\"dateModified\":\"2019-10-01T12:18:56+00:00\",\"breadcrumb\":{\"@id\":\"https:\\\/\\\/janahobson.com\\\/cs\\\/kontakt\\\/#breadcrumb\"},\"inLanguage\":\"cs\",\"potentialAction\":[{\"@type\":\"ReadAction\",\"target\":[\"https:\\\/\\\/janahobson.com\\\/cs\\\/kontakt\\\/\"]}]},{\"@type\":\"BreadcrumbList\",\"@id\":\"https:\\\/\\\/janahobson.com\\\/cs\\\/kontakt\\\/#breadcrumb\",\"itemListElement\":[{\"@type\":\"ListItem\",\"position\":1,\"name\":\"Home\",\"item\":\"http:\\\/\\\/janahobson.com\\\/cs\\\/\"},{\"@type\":\"ListItem\",\"position\":2,\"name\":\"Kontakt\"}]},{\"@type\":\"WebSite\",\"@id\":\"http:\\\/\\\/janahobson.com\\\/cs\\\/#website\",\"url\":\"http:\\\/\\\/janahobson.com\\\/cs\\\/\",\"name\":\"Jana Hobson\",\"description\":\"graphic design, photography, web development\",\"potentialAction\":[{\"@type\":\"SearchAction\",\"target\":{\"@type\":\"EntryPoint\",\"urlTemplate\":\"http:\\\/\\\/janahobson.com\\\/cs\\\/?s={search_term_string}\"},\"query-input\":{\"@type\":\"PropertyValueSpecification\",\"valueRequired\":true,\"valueName\":\"search_term_string\"}}],\"inLanguage\":\"cs\"}]}<\/script>\n<!-- \/ Yoast SEO plugin. -->","yoast_head_json":{"title":"Kontakt - Jana Hobson","robots":{"index":"index","follow":"follow","max-snippet":"max-snippet:-1","max-image-preview":"max-image-preview:large","max-video-preview":"max-video-preview:-1"},"canonical":"https:\/\/janahobson.com\/cs\/kontakt\/","og_locale":"cs_CZ","og_type":"article","og_title":"Kontakt - Jana Hobson","og_url":"https:\/\/janahobson.com\/cs\/kontakt\/","og_site_name":"Jana Hobson","article_publisher":"http:\/\/www.facebook.com\/photojana","article_modified_time":"2019-10-01T12:18:56+00:00","og_image":[{"width":230,"height":219,"url":"http:\/\/janahobson.com\/wp-content\/uploads\/2011\/12\/logo-big.png","type":"image\/png"}],"twitter_card":"summary_large_image","twitter_misc":{"Odhadovan\u00e1 doba \u010dten\u00ed":"1 minuta"},"schema":{"@context":"https:\/\/schema.org","@graph":[{"@type":"WebPage","@id":"https:\/\/janahobson.com\/cs\/kontakt\/","url":"https:\/\/janahobson.com\/cs\/kontakt\/","name":"Kontakt - Jana Hobson","isPartOf":{"@id":"http:\/\/janahobson.com\/cs\/#website"},"datePublished":"2019-10-01T12:16:27+00:00","dateModified":"2019-10-01T12:18:56+00:00","breadcrumb":{"@id":"https:\/\/janahobson.com\/cs\/kontakt\/#breadcrumb"},"inLanguage":"cs","potentialAction":[{"@type":"ReadAction","target":["https:\/\/janahobson.com\/cs\/kontakt\/"]}]},{"@type":"BreadcrumbList","@id":"https:\/\/janahobson.com\/cs\/kontakt\/#breadcrumb","itemListElement":[{"@type":"ListItem","position":1,"name":"Home","item":"http:\/\/janahobson.com\/cs\/"},{"@type":"ListItem","position":2,"name":"Kontakt"}]},{"@type":"WebSite","@id":"http:\/\/janahobson.com\/cs\/#website","url":"http:\/\/janahobson.com\/cs\/","name":"Jana Hobson","description":"graphic design, photography, web development","potentialAction":[{"@type":"SearchAction","target":{"@type":"EntryPoint","urlTemplate":"http:\/\/janahobson.com\/cs\/?s={search_term_string}"},"query-input":{"@type":"PropertyValueSpecification","valueRequired":true,"valueName":"search_term_string"}}],"inLanguage":"cs"}]}},"_links":{"self":[{"href":"http:\/\/janahobson.com\/cs\/wp-json\/wp\/v2\/pages\/1469\/"}],"collection":[{"href":"http:\/\/janahobson.com\/cs\/wp-json\/wp\/v2\/pages\/"}],"about":[{"href":"http:\/\/janahobson.com\/cs\/wp-json\/wp\/v2\/types\/page\/"}],"author":[{"embeddable":true,"href":"http:\/\/janahobson.com\/cs\/wp-json\/wp\/v2\/users\/3\/"}],"replies":[{"embeddable":true,"href":"http:\/\/janahobson.com\/cs\/wp-json\/wp\/v2\/comments\/?post=1469"}],"version-history":[{"count":1,"href":"http:\/\/janahobson.com\/cs\/wp-json\/wp\/v2\/pages\/1469\/revisions\/"}],"predecessor-version":[{"id":1470,"href":"http:\/\/janahobson.com\/cs\/wp-json\/wp\/v2\/pages\/1469\/revisions\/1470\/"}],"wp:attachment":[{"href":"http:\/\/janahobson.com\/cs\/wp-json\/wp\/v2\/media\/?parent=1469"}],"curies":[{"name":"wp","href":"https:\/\/api.w.org\/{rel}","templated":true}]}}