{"id":1479,"date":"2011-12-07T22:39:45","date_gmt":"2011-12-07T22:39:45","guid":{"rendered":"http:\/\/janahobson.com\/home\/"},"modified":"2021-06-17T17:25:34","modified_gmt":"2021-06-17T09:25:34","slug":"home","status":"publish","type":"page","link":"http:\/\/janahobson.com\/cs\/","title":{"rendered":"Home"},"content":{"rendered":"<section class=\"wpb-content-wrapper\"><p>[vc_row full_width=&#8220;stretch_row&#8220; full_height=&#8220;yes&#8220; content_placement=&#8220;middle&#8220; bg_type=&#8220;image&#8220; bg_override=&#8220;full&#8220; fadeout_row=&#8220;fadeout_row_value&#8220; enable_overlay=&#8220;enable_overlay_value&#8220; overlay_pattern=&#8220;06.png&#8220; seperator_enable=&#8220;seperator_enable_value&#8220; seperator_type=&#8220;curve_up_seperator&#8220; seperator_position=&#8220;bottom_seperator&#8220; first_background_color=&#8220;#ffffff&#8220; second_background_color=&#8220;#ffffff&#8220; animation_in_type=&#8220;transition.slideUpIn&#8220; animation_in_offset=&#8220;100&#8243; animation_in_duration=&#8220;300&#8243; animation_in_delay=&#8220;0&#8243; css=&#8220;.vc_custom_1623921870868{padding-top: 5% !important;padding-bottom: 5% !important;background-image: url(http:\/\/janahobson.com\/wp-content\/uploads\/2011\/12\/banner2.jpg?id=2563) !important;}&#8220;][vc_column][vc_column_text css=&#8220;.vc_custom_1619881442930{margin-bottom: 0px !important;padding-bottom: 5px !important;}&#8220;]<\/p>\n<h2 style=\"margin: 0px; line-height: 1.15em; font-size: 44px;\"><span style=\"color: #ffffff;\">VYTVO\u0158\u00cdM GRAFIKU,\u00a0<\/span><\/h2>\n<p>[\/vc_column_text]<div id=\"mpc_animated_text-6869e0972d0b94d\" class=\"mpc-animated-text-wrap mpc-typography--mpc_preset_62 mpc-init mpc-transition mpc-style--typewrite \"  data-options=\"{&quot;style&quot;:&quot;typewrite&quot;,&quot;duration&quot;:&quot;1000&quot;,&quot;delay&quot;:&quot;2000&quot;,&quot;loop&quot;:true,&quot;dynamic&quot;:false}\"><div class=\"mpc-animated-text__side mpc-animated-text__before mpc-typography--mpc_preset_62\">kter\u00e1<\/div><div class=\"mpc-animated-text\"><div class=\"mpc-animated-text__block\"><span class=\"mpc-animated-text__word\">PODPO\u0158\u00cd V\u00c1\u0160 BYZNYS.<\/span><\/div><div class=\"mpc-animated-text__block\"><span class=\"mpc-animated-text__word\">NADCHNE VA\u0160E Z\u00c1KAZN\u00cdKY.<\/span><\/div><div class=\"mpc-animated-text__block\"><span class=\"mpc-animated-text__word\">VYPR\u00c1V\u00cd P\u0158\u00cdB\u011aH.<\/span><\/div><div class=\"mpc-animated-text__block\"><span class=\"mpc-animated-text__word\">FUNGUJE.<\/span><\/div><\/div><div class=\"mpc-animated-text__pointer\">&nbsp;<\/div><\/div>[vc_row_inner el_id=&#8220;illama-buttons&#8220; css=&#8220;.vc_custom_1619881027754{padding-top: 5px !important;}&#8220;][vc_column_inner]<a href=\"#\" title=\"\"  data-id=\"mpc_button-3869e0972d0ba42\" class=\"mpc-button mpc-init mpc-transition mpc-animation mpc-typography--mpc_preset_63 \"  data-animation-in=\"transition.slideUpIn||1200||200||100\"><div class=\"mpc-button__content mpc-effect-type--none mpc-effect-side--none\"><span class=\"mpc-button__title mpc-transition\">NAPSAT JAN\u011a<\/span><\/div><div class=\"mpc-button__background mpc-transition mpc-effect-type--fade mpc-effect-side--in\"><\/div><\/a>[\/vc_column_inner][\/vc_row_inner][\/vc_column][\/vc_row][vc_row][vc_column]<div id=\"ultimate-heading-896669e0972d0bb05\" class=\"uvc-heading ult-adjust-bottom-margin ultimate-heading-896669e0972d0bb05 uvc-6553 \" data-hspacer=\"no_spacer\"  data-halign=\"center\" style=\"text-align:center\"><div class=\"uvc-heading-spacer no_spacer\" style=\"top\"><\/div><div class=\"uvc-main-heading ult-responsive\"  data-ultimate-target='.uvc-heading.ultimate-heading-896669e0972d0bb05 h2'  data-responsive-json-new='{\"font-size\":\"desktop:45px;\",\"line-height\":\"\"}' ><h2 style=\"font-family:&#039;Montserrat&#039;;font-weight:900;color:#ededed;margin-top:15px;margin-bottom:5px;\">SLU\u017dBY.<\/h2><\/div><div class=\"uvc-sub-heading ult-responsive\"  data-ultimate-target='.uvc-heading.ultimate-heading-896669e0972d0bb05 .uvc-sub-heading '  data-responsive-json-new='{\"font-size\":\"desktop:30px;\",\"line-height\":\"\"}'  style=\"font-family:&#039;Roboto&#039;;font-weight:900;color:#0a0a0a;margin-bottom:2%;\">OD LOGA A\u017d PO KOMPLETN\u00cd BRAND IMAGE.<\/div><\/div>[vc_row_inner equal_height=&#8220;yes&#8220; content_placement=&#8220;middle&#8220; gap=&#8220;35&#8243; animation_in_type=&#8220;transition.slideRightBigIn&#8220; animation_in_offset=&#8220;100&#8243; animation_in_duration=&#8220;1450&#8243; animation_in_delay=&#8220;0&#8243; css=&#8220;.vc_custom_1619882339563{padding-top: 2% !important;padding-bottom: 8% !important;}&#8220;][vc_column_inner width=&#8220;1\/3&#8243; preset=&#8220;mpc_preset_34&#8243; content_preset=&#8220;_mpc_preset_34&#8243; animation_in_type=&#8220;transition.slideLeftIn&#8220; animation_in_offset=&#8220;100&#8243; animation_in_duration=&#8220;300&#8243; animation_in_delay=&#8220;0&#8243; css=&#8220;.vc_custom_1619887364088{padding-right: 5% !important;}&#8220;]<div data-id=\"mpc_divider-4369e0972d0bb9d\" class=\"mpc-divider-wrap\"><div class=\"mpc-divider mpc-init mpc-align--center mpc-disable--left \" ><div class=\"mpc-divider__line mpc-side--left\"><span><\/span><\/div><div class=\"mpc-divider__line mpc-side--right\"><span><\/span><\/div><\/div><\/div>[vc_column_text css=&#8220;.vc_custom_1619887473420{margin-top: 0px !important;margin-bottom: 0px !important;}&#8220;]<\/p>\n<h3 style=\"margin-top: 0px; text-transform: none; font-size: 36px; font-weight: 300; text-align: center;\"><span style=\"font-weight: 400;\">Chcete sjednotit svou grafickou prezentaci, p\u016fsobit profesion\u00e1ln\u011b a oslovit ty spr\u00e1vn\u00e9 z\u00e1kazn\u00edky?<\/span><\/h3>\n<p>[\/vc_column_text][vc_column_text css=&#8220;.vc_custom_1619887579594{margin-top: 10px !important;margin-bottom: 0px !important;}&#8220;]<\/p>\n<p style=\"margin: 0px; text-align: center;\"><span style=\"color: #f16446; margin: 0px; text-transform: uppercase; font-weight: 900;\">Vytvo\u0159\u00edm pro v\u00e1s: <\/span><\/p>\n<p>[\/vc_column_text][\/vc_column_inner][vc_column_inner width=&#8220;2\/3&#8243;]<div data-id=\"mpc_icon_column-1869e0972d0bc74\" class=\"mpc-icon-column mpc-init mpc-parent-hover mpc-transition mpc-icon-column--style_3 mpc-align--left \" ><div data-id=\"mpc_icon-9969e0972d0bcbb\" class=\"mpc-icon mpc-init mpc-transition mpc-effect-slide-up mpc-icon-hover \"><div class=\"mpc-icon-wrap\"><i class=\"mpc-icon-part mpc-regular mpc-transition  etl etl-edit\"><\/i><i class=\"mpc-icon-part mpc-hover mpc-transition  etl etl-attachment\"><\/i><\/div><\/div><div class=\"mpc-icon-column__content-wrap\"><div class=\"mpc-icon-column__content\"><h3 class=\"mpc-icon-column__heading mpc-typography--mpc_preset_20 mpc-transition\">Grafick\u00fd design<\/h3><div class=\"mpc-icon-column__description mpc-typography--mpc_preset_1 mpc-transition\"><p><span style=\"font-weight: 400;\">Ud\u011blejte skv\u011bl\u00fd prvn\u00ed dojem. Navrhnu v\u00e1m logo, webdesign, tiskovou grafiku i kompletn\u00ed styl va\u0161\u00ed zna\u010dky, podle kter\u00e9ho si v\u00e1s budou pamatovat.\u00a0<\/span><\/p>\n<\/div><\/div><\/div><\/div><div data-id=\"mpc_icon_column-3069e0972d0bdc3\" class=\"mpc-icon-column mpc-init mpc-parent-hover mpc-transition mpc-icon-column--style_3 mpc-align--left \" ><div data-id=\"mpc_icon-5369e0972d0bde9\" class=\"mpc-icon mpc-init mpc-transition mpc-effect-slide-up mpc-icon-hover \"><div class=\"mpc-icon-wrap\"><i class=\"mpc-icon-part mpc-regular mpc-transition  etl etl-camera\"><\/i><i class=\"mpc-icon-part mpc-hover mpc-transition  etl etl-attachment\"><\/i><\/div><\/div><div class=\"mpc-icon-column__content-wrap\"><div class=\"mpc-icon-column__content\"><h3 class=\"mpc-icon-column__heading mpc-typography--mpc_preset_20 mpc-transition\">Fotografie<\/h3><div class=\"mpc-icon-column__description mpc-typography--mpc_preset_1 mpc-transition\"><p><span style=\"font-weight: 400;\">Okouzlete n\u00e1v\u0161t\u011bvn\u00edky je\u0161t\u011b p\u0159ed t\u00edm, ne\u017e k\u00a0v\u00e1m p\u0159ijedou. Nebo se sami postavte p\u0159ed objektiv a nechte si kone\u010dn\u011b vytvo\u0159it perfektn\u00ed fotky. <\/span><\/p>\n<\/div><\/div><\/div><\/div><div data-id=\"mpc_icon_column-3769e0972d0be98\" class=\"mpc-icon-column mpc-init mpc-parent-hover mpc-transition mpc-icon-column--style_3 mpc-align--left \" ><div data-id=\"mpc_icon-2969e0972d0beba\" class=\"mpc-icon mpc-init mpc-transition mpc-effect-slide-up mpc-icon-hover \"><div class=\"mpc-icon-wrap\"><i class=\"mpc-icon-part mpc-regular mpc-transition  etl etl-adjustments\"><\/i><i class=\"mpc-icon-part mpc-hover mpc-transition  etl etl-attachment\"><\/i><\/div><\/div><div class=\"mpc-icon-column__content-wrap\"><div class=\"mpc-icon-column__content\"><h3 class=\"mpc-icon-column__heading mpc-typography--mpc_preset_20 mpc-transition\">\u00dapravy fotografi\u00ed a retu\u0161ov\u00e1n\u00ed<\/h3><div class=\"mpc-icon-column__description mpc-typography--mpc_preset_1 mpc-transition\"><p><span style=\"font-weight: 400;\">Navo\u010fte sv\u00fdmi fotkami tu pravou atmosf\u00e9ru. Uprav\u00edm je tak, aby vyvolaly p\u0159esn\u011b ten pocit, kter\u00fd vzbud\u00ed z\u00e1jem o va\u0161e produkty i slu\u017eby.<\/span><\/p>\n<\/div><\/div><\/div><\/div>[\/vc_column_inner][\/vc_row_inner][\/vc_column][\/vc_row][vc_row full_width=&#8220;stretch_row&#8220; gap=&#8220;15&#8243; full_height=&#8220;yes&#8220; equal_height=&#8220;yes&#8220; content_placement=&#8220;middle&#8220; bg_type=&#8220;bg_color&#8220; second_background_type=&#8220;gradient&#8220; enable_top_separator=&#8220;true&#8220; top_separator_style=&#8220;arrow-left&#8220; top_separator_color=&#8220;#ffffff&#8220; css=&#8220;.vc_custom_1619807038492{padding-bottom: 10% !important;}&#8220; bg_color_value=&#8220;#f16446&#8243;][vc_column]<div id=\"ultimate-heading-352269e0972d0bf21\" class=\"uvc-heading ult-adjust-bottom-margin ultimate-heading-352269e0972d0bf21 uvc-3582 \" data-hspacer=\"no_spacer\"  data-halign=\"center\" style=\"text-align:center\"><div class=\"uvc-heading-spacer no_spacer\" style=\"top\"><\/div><div class=\"uvc-main-heading ult-responsive\"  data-ultimate-target='.uvc-heading.ultimate-heading-352269e0972d0bf21 h2'  data-responsive-json-new='{\"font-size\":\"desktop:45px;\",\"line-height\":\"\"}' ><h2 style=\"font-family:&#039;Montserrat&#039;;font-weight:900;color:#f28d76;margin-top:7%;margin-bottom:5PX;\">PRO\u010c SI VYBRAT M\u011a.<\/h2><\/div><div class=\"uvc-sub-heading ult-responsive\"  data-ultimate-target='.uvc-heading.ultimate-heading-352269e0972d0bf21 .uvc-sub-heading '  data-responsive-json-new='{\"font-size\":\"desktop:30px;\",\"line-height\":\"\"}'  style=\"font-family:&#039;Roboto&#039;;font-weight:900;color:#ffffff;margin-bottom:5%;\"><span style=\"font-weight: 400;\">\u010c\u00cdM V\u00c1S SPOLUPR\u00c1CE SE MNOU UCHV\u00c1T\u00cd?<\/span><\/div><\/div><div id=\"mpc_connected_icons-469e0972d0bf63\" class=\"mpc-connected-icons mpc-init mpc-transition \"  data-ci-cols=\"3\" data-target=\"icon\" data-layout=\"horizontal\"><div class=\"mpc-connected-icons__line\"><span><\/span><\/div><div data-id=\"mpc_icon_column-6669e0972d0c018\" class=\"mpc-icon-column mpc-init mpc-parent-hover mpc-transition mpc-animation mpc-icon-column--style_1 mpc-align--center \"  data-animation-in=\"transition.bounceUpIn||900||0||80\"><div data-id=\"mpc_icon-4869e0972d0c041\" class=\"mpc-icon mpc-init mpc-transition mpc-effect-slide-up mpc-icon-hover \"><div class=\"mpc-icon-wrap\"><i class=\"mpc-icon-part mpc-regular mpc-transition  eti eti_group\"><\/i><i class=\"mpc-icon-part mpc-hover mpc-transition  eti eti_group\"><\/i><\/div><\/div><div class=\"mpc-icon-column__content-wrap\"><div class=\"mpc-icon-column__content\"><h3 class=\"mpc-icon-column__heading mpc-typography--mpc_preset_65 mpc-transition\">OSOBN\u00cdM P\u0158\u00cdSTUPEM<\/h3><div class=\"mpc-icon-column__description mpc-typography--mpc_preset_25 mpc-transition\"><p>Nepracuji pro ka\u017ed\u00e9ho a ned\u011bl\u00e1m v\u0161echno. Pokud v\u00e1s ale nadchne m\u016fj hrav\u00fd, jednoduch\u00fd, modern\u00ed a \u010dist\u00fd styl, dok\u00e1\u017eu v\u00e1m v\u00fdsledkem vyrazit dech.<\/p>\n<\/div><\/div><\/div><\/div><div data-id=\"mpc_icon_column-2169e0972d0c0e2\" class=\"mpc-icon-column mpc-init mpc-parent-hover mpc-transition mpc-animation mpc-icon-column--style_1 mpc-align--center \"  data-animation-in=\"transition.bounceUpIn||900||0||80\"><div data-id=\"mpc_icon-7069e0972d0c103\" class=\"mpc-icon mpc-init mpc-transition mpc-effect-slide-up mpc-icon-hover \"><div class=\"mpc-icon-wrap\"><i class=\"mpc-icon-part mpc-regular mpc-transition  eti eti_clock\"><\/i><i class=\"mpc-icon-part mpc-hover mpc-transition  eti eti_clock\"><\/i><\/div><\/div><div class=\"mpc-icon-column__content-wrap\"><div class=\"mpc-icon-column__content\"><h3 class=\"mpc-icon-column__heading mpc-typography--mpc_preset_65 mpc-transition\">RYCHLOST\u00cd<\/h3><div class=\"mpc-icon-column__description mpc-typography--mpc_preset_25 mpc-transition\"><p>V\u00edm, \u017ee \u010d\u00edm rychleji budete m\u00edt objednanou grafiku k\u00a0dispozici, t\u00edm d\u0159\u00edve v\u00e1m za\u010dne p\u0159iv\u00e1d\u011bt z\u00e1kazn\u00edky i pen\u00edze. Proto se rychle ozvu zp\u011bt a pr\u00e1ci dod\u00e1m v domluven\u00e9m\u00a0term\u00ednu.<\/p>\n<\/div><\/div><\/div><\/div><div data-id=\"mpc_icon_column-369e0972d0c1a8\" class=\"mpc-icon-column mpc-init mpc-parent-hover mpc-transition mpc-animation mpc-icon-column--style_1 mpc-align--center \"  data-animation-in=\"transition.bounceUpIn||900||0||80\"><div data-id=\"mpc_icon-1669e0972d0c1c9\" class=\"mpc-icon mpc-init mpc-transition mpc-effect-slide-up mpc-icon-hover \"><div class=\"mpc-icon-wrap\"><i class=\"mpc-icon-part mpc-regular mpc-transition  eti eti_lightbulb\"><\/i><i class=\"mpc-icon-part mpc-hover mpc-transition  eti eti_lightbulb\"><\/i><\/div><\/div><div class=\"mpc-icon-column__content-wrap\"><div class=\"mpc-icon-column__content\"><h3 class=\"mpc-icon-column__heading mpc-typography--mpc_preset_65 mpc-transition\">N\u00e1pady<\/h3><div class=\"mpc-icon-column__description mpc-typography--mpc_preset_25 mpc-transition\"><p><span style=\"font-weight: 400;\">P\u0159em\u00fd\u0161l\u00edm v\u00a0souvislostech a do budoucna. Ze zku\u0161enost\u00ed v\u00edm, co m\u016f\u017ee nastat, a tak v\u00e1m dok\u00e1\u017eu v\u010das navrhnout prakti\u010dt\u011bj\u0161\u00ed i levn\u011bj\u0161\u00ed \u0159e\u0161en\u00ed.\u00a0<\/span><\/p>\n<\/div><\/div><\/div><\/div><\/div>[\/vc_column][\/vc_row][vc_row css=&#8220;.vc_custom_1619887321384{padding-top: 5% !important;padding-bottom: 6% !important;}&#8220;][vc_column]<div id=\"ultimate-heading-979669e0972d0c23c\" class=\"uvc-heading ult-adjust-bottom-margin ultimate-heading-979669e0972d0c23c uvc-8820 \" data-hspacer=\"no_spacer\"  data-halign=\"center\" style=\"text-align:center\"><div class=\"uvc-heading-spacer no_spacer\" style=\"top\"><\/div><div class=\"uvc-main-heading ult-responsive\"  data-ultimate-target='.uvc-heading.ultimate-heading-979669e0972d0c23c h2'  data-responsive-json-new='{\"font-size\":\"desktop:45px;\",\"line-height\":\"\"}' ><h2 style=\"font-family:&#039;Montserrat&#039;;font-weight:900;color:#ededed;margin-top:15px;margin-bottom:5px;\">REFERENCE.<\/h2><\/div><div class=\"uvc-sub-heading ult-responsive\"  data-ultimate-target='.uvc-heading.ultimate-heading-979669e0972d0c23c .uvc-sub-heading '  data-responsive-json-new='{\"font-size\":\"desktop:30px;\",\"line-height\":\"\"}'  style=\"font-family:&#039;Roboto&#039;;font-weight:900;color:#0a0a0a;margin-bottom:5%;\">KLIENTI O MN\u011a \u0158\u00cdKAJ\u00cd.<\/div><\/div>[vc_row_inner gap=&#8220;35&#8243;][vc_column_inner width=&#8220;1\/3&#8243;]<div data-id=\"mpc_testimonial-1469e0972d0c2a8\" class=\"mpc-testimonial mpc-init mpc-transition mpc-testimonial--style_2 \" ><div class=\" mpc-testimonial__thumbnail\"><\/div><div class=\"mpc-testimonial__content mpc-typography--mpc_preset_47\"><div class=\"mpc-testimonial__description\"><p><em>The most beautiful logo for our website\u00a0\u010cundr dom\u016f. Thank you, Jana\u2026happy to work with you.<\/em><\/p>\n<\/div><div class=\"mpc-testimonial__signature\"><span>Martin Kalous -<\/span> <a class=\"mpc-testimonial__link mpc-typography--mpc_preset_27 mpc-transition\"  href=\"https:\/\/www.facebook.com\/cundrdomu.cz\/?__cft__%5B0%5D=AZX5M7aYWjo-qdXfFwXOOgkcHNUuY3AtMw3a8RkSPtgkP_fXb2yyze86XzbDB9N-s-E4bkA5TMaKkNBVpQDGVA2f8Yo5QUPOSZ9g816OzmiSsj7_WqbuAZQ_1IhYj72F7gA&#038;__tn__=kK-R\" target=\"_blank\" title=\"\u010cundr dom\u016f\" >\u010cundr dom\u016f<\/a><\/div><\/div><\/div>[\/vc_column_inner][vc_column_inner width=&#8220;1\/3&#8243;]<div data-id=\"mpc_testimonial-769e0972d0c317\" class=\"mpc-testimonial mpc-init mpc-transition mpc-testimonial--style_2 \" ><div class=\" mpc-testimonial__thumbnail\"><\/div><div class=\"mpc-testimonial__content mpc-typography--mpc_preset_47\"><div class=\"mpc-testimonial__description\"><p><em>Whether it was during my yoga shooting or during my prenatal photo session, Jana always tried to incorporate my wishes with her ideas and experience. She was always open to trying new things, went maybe even out of her comfort zone which made all shootings really <strong>casual<\/strong> and <strong>fun<\/strong>! Thanks for capturing one of our most meaningful moments!<\/em><\/p>\n<\/div><div class=\"mpc-testimonial__signature\"><span>Lisa-Maria Zeihsel<\/span><\/div><\/div><\/div>[\/vc_column_inner][vc_column_inner width=&#8220;1\/3&#8243;]<div data-id=\"mpc_testimonial-6469e0972d0c38f\" class=\"mpc-testimonial mpc-init mpc-transition mpc-testimonial--style_2 \" ><div class=\" mpc-testimonial__thumbnail\"><\/div><div class=\"mpc-testimonial__content mpc-typography--mpc_preset_47\"><div class=\"mpc-testimonial__description\"><p><em>Jana turns ordinary photography into real photographic &#8222;porn&#8220;. Her retouching skills are extraordinary. She also designed a perfect website reflecting my offroad business.<\/em><\/p>\n<\/div><div class=\"mpc-testimonial__signature\"><span>Ond\u0159ej Klement -<\/span> <a class=\"mpc-testimonial__link mpc-typography--mpc_preset_27 mpc-transition\"  href=\"http:\/\/delta4x4.eu\/\" target=\"_blank\" title=\"delta4x4.eu\" >delta4x4.eu<\/a><\/div><\/div><\/div>[\/vc_column_inner][\/vc_row_inner][\/vc_column][\/vc_row][vc_row full_width=&#8220;stretch_row&#8220; bg_type=&#8220;bg_color&#8220; seperator_enable=&#8220;seperator_enable_value&#8220; seperator_type=&#8220;tilt_right_seperator&#8220; bg_color_value=&#8220;#f16446&#8243;][vc_column]<div data-id=\"mpc_callout-7169e0972d0c481\" class=\"mpc-callout mpc-init mpc-animation mpc-callout--style_1 \"  data-animation-in=\"transition.perspectiveUpIn||800||150||70\"><div class=\"mpc-callout__icon-wrap\"><div class=\"mpc-callout__icon\"><i class=\"mpc-transition  etl etl-flag\"><\/i><\/div><\/div><div class=\"mpc-callout__content\"><h3 class=\"mpc-callout__heading mpc-typography--mpc_preset_65\">Za\u010dn\u011bme hned, a\u0165 se m\u016f\u017eete co nejd\u0159\u00edve pochlubit sv\u00fdm z\u00e1kazn\u00edk\u016fm<\/h3><div class=\"mpc-callout__description mpc-typography--mpc_preset_25\"><p><span style=\"font-weight: 400;\">I kdy\u017e si je\u0161t\u011b nejste 100% jist\u00ed zad\u00e1n\u00edm, napi\u0161te mi. Porad\u00edm v\u00e1m a navedu v\u00e1s spr\u00e1vn\u00fdm sm\u011brem. <\/span><\/p>\n<\/div><\/div><div class=\"mpc-callout__button\"><a href=\"#\" title=\"\"  data-id=\"mpc_button-9169e0972d0c4c8\" class=\"mpc-button mpc-init mpc-transition mpc-typography--mpc_preset_62 \" ><div class=\"mpc-button__content mpc-effect-type--none mpc-effect-side--none\"><span class=\"mpc-button__title mpc-transition\">NAPSAT JAN\u011a<\/span><\/div><div class=\"mpc-button__background mpc-transition mpc-effect-type--fade mpc-effect-side--in\"><\/div><\/a><\/div><\/div>[\/vc_column][\/vc_row]<\/p>\n<\/section>","protected":false},"excerpt":{"rendered":"[vc_row full_width=\"stretch_row\" full_height=\"yes\" content_placement=\"middle\" bg_type=\"image\" bg_override=\"full\" fadeout_row=\"fadeout_row_value\" enable_overlay=\"enable_overlay_value\" overlay_pattern=\"06.png\" seperator_enable=\"seperator_enable_value\" seperator_type=\"curve_up_seperator\" seperator_position=\"bottom_seperator\" first_background_color=\"#ffffff\" second_background_color=\"#ffffff\" animation_in_type=\"transition.slideUpIn\" animation_in_offset=\"100\" animation_in_duration=\"300\" animation_in_delay=\"0\" css=\".vc_custom_1623921870868{padding-top: 5% !important;padding-bottom: 5% !important;background-image: url(http:\/\/janahobson.com\/wp-content\/uploads\/2011\/12\/banner2.jpg?id=2563) !important;}\"][vc_column][vc_column_text css=\".vc_custom_1619881442930{margin-bottom: 0px !important;padding-bottom: 5px !important;}\"]","protected":false},"author":3,"featured_media":0,"parent":0,"menu_order":0,"comment_status":"closed","ping_status":"closed","template":"","meta":{"_lmt_disableupdate":"","_lmt_disable":"","footnotes":""},"class_list":["post-1479","page","type-page","status-publish","hentry"],"yoast_head":"<!-- This site is optimized with the Yoast SEO plugin v27.4 - https:\/\/yoast.com\/product\/yoast-seo-wordpress\/ -->\n<title>Jana Hobson<\/title>\n<meta name=\"description\" content=\"Graphic design portfolio of Jana Vitouskova, a freelance designer based in Asia specializing in logo, web, brand identity, photography and social media.\" \/>\n<meta name=\"robots\" content=\"index, follow, max-snippet:-1, max-image-preview:large, max-video-preview:-1\" \/>\n<link rel=\"canonical\" href=\"http:\/\/janahobson.com\/cs\/\" \/>\n<meta property=\"og:locale\" content=\"cs_CZ\" \/>\n<meta property=\"og:type\" content=\"article\" \/>\n<meta property=\"og:title\" content=\"Jana Hobson\" \/>\n<meta property=\"og:description\" content=\"Graphic design portfolio of Jana Vitouskova, a freelance designer based in Asia specializing in logo, web, brand identity, photography and social media.\" \/>\n<meta property=\"og:url\" content=\"http:\/\/janahobson.com\/cs\/\" \/>\n<meta property=\"og:site_name\" content=\"Jana Hobson\" \/>\n<meta property=\"article:publisher\" content=\"http:\/\/www.facebook.com\/photojana\" \/>\n<meta property=\"article:modified_time\" content=\"2021-06-17T09:25:34+00:00\" \/>\n<meta property=\"og:image\" content=\"http:\/\/janahobson.com\/wp-content\/uploads\/2011\/12\/logo-big.png\" \/>\n\t<meta property=\"og:image:width\" content=\"230\" \/>\n\t<meta property=\"og:image:height\" content=\"219\" \/>\n\t<meta property=\"og:image:type\" content=\"image\/png\" \/>\n<meta name=\"twitter:card\" content=\"summary_large_image\" \/>\n<meta name=\"twitter:label1\" content=\"Odhadovan\u00e1 doba \u010dten\u00ed\" \/>\n\t<meta name=\"twitter:data1\" content=\"15 minuty\" \/>\n<script type=\"application\/ld+json\" class=\"yoast-schema-graph\">{\"@context\":\"https:\\\/\\\/schema.org\",\"@graph\":[{\"@type\":\"WebPage\",\"@id\":\"http:\\\/\\\/janahobson.com\\\/cs\\\/\",\"url\":\"http:\\\/\\\/janahobson.com\\\/cs\\\/\",\"name\":\"Jana Hobson\",\"isPartOf\":{\"@id\":\"http:\\\/\\\/janahobson.com\\\/cs\\\/#website\"},\"datePublished\":\"2011-12-07T22:39:45+00:00\",\"dateModified\":\"2021-06-17T09:25:34+00:00\",\"description\":\"Graphic design portfolio of Jana Vitouskova, a freelance designer based in Asia specializing in logo, web, brand identity, photography and social media.\",\"breadcrumb\":{\"@id\":\"http:\\\/\\\/janahobson.com\\\/cs\\\/#breadcrumb\"},\"inLanguage\":\"cs\",\"potentialAction\":[{\"@type\":\"ReadAction\",\"target\":[\"http:\\\/\\\/janahobson.com\\\/cs\\\/\"]}]},{\"@type\":\"BreadcrumbList\",\"@id\":\"http:\\\/\\\/janahobson.com\\\/cs\\\/#breadcrumb\",\"itemListElement\":[{\"@type\":\"ListItem\",\"position\":1,\"name\":\"Home\",\"item\":\"http:\\\/\\\/janahobson.com\\\/cs\\\/\"},{\"@type\":\"ListItem\",\"position\":2,\"name\":\"Home\"}]},{\"@type\":\"WebSite\",\"@id\":\"http:\\\/\\\/janahobson.com\\\/cs\\\/#website\",\"url\":\"http:\\\/\\\/janahobson.com\\\/cs\\\/\",\"name\":\"Jana Hobson\",\"description\":\"graphic design, photography, web development\",\"potentialAction\":[{\"@type\":\"SearchAction\",\"target\":{\"@type\":\"EntryPoint\",\"urlTemplate\":\"http:\\\/\\\/janahobson.com\\\/cs\\\/?s={search_term_string}\"},\"query-input\":{\"@type\":\"PropertyValueSpecification\",\"valueRequired\":true,\"valueName\":\"search_term_string\"}}],\"inLanguage\":\"cs\"}]}<\/script>\n<!-- \/ Yoast SEO plugin. -->","yoast_head_json":{"title":"Jana Hobson","description":"Graphic design portfolio of Jana Vitouskova, a freelance designer based in Asia specializing in logo, web, brand identity, photography and social media.","robots":{"index":"index","follow":"follow","max-snippet":"max-snippet:-1","max-image-preview":"max-image-preview:large","max-video-preview":"max-video-preview:-1"},"canonical":"http:\/\/janahobson.com\/cs\/","og_locale":"cs_CZ","og_type":"article","og_title":"Jana Hobson","og_description":"Graphic design portfolio of Jana Vitouskova, a freelance designer based in Asia specializing in logo, web, brand identity, photography and social media.","og_url":"http:\/\/janahobson.com\/cs\/","og_site_name":"Jana Hobson","article_publisher":"http:\/\/www.facebook.com\/photojana","article_modified_time":"2021-06-17T09:25:34+00:00","og_image":[{"width":230,"height":219,"url":"http:\/\/janahobson.com\/wp-content\/uploads\/2011\/12\/logo-big.png","type":"image\/png"}],"twitter_card":"summary_large_image","twitter_misc":{"Odhadovan\u00e1 doba \u010dten\u00ed":"15 minuty"},"schema":{"@context":"https:\/\/schema.org","@graph":[{"@type":"WebPage","@id":"http:\/\/janahobson.com\/cs\/","url":"http:\/\/janahobson.com\/cs\/","name":"Jana Hobson","isPartOf":{"@id":"http:\/\/janahobson.com\/cs\/#website"},"datePublished":"2011-12-07T22:39:45+00:00","dateModified":"2021-06-17T09:25:34+00:00","description":"Graphic design portfolio of Jana Vitouskova, a freelance designer based in Asia specializing in logo, web, brand identity, photography and social media.","breadcrumb":{"@id":"http:\/\/janahobson.com\/cs\/#breadcrumb"},"inLanguage":"cs","potentialAction":[{"@type":"ReadAction","target":["http:\/\/janahobson.com\/cs\/"]}]},{"@type":"BreadcrumbList","@id":"http:\/\/janahobson.com\/cs\/#breadcrumb","itemListElement":[{"@type":"ListItem","position":1,"name":"Home","item":"http:\/\/janahobson.com\/cs\/"},{"@type":"ListItem","position":2,"name":"Home"}]},{"@type":"WebSite","@id":"http:\/\/janahobson.com\/cs\/#website","url":"http:\/\/janahobson.com\/cs\/","name":"Jana Hobson","description":"graphic design, photography, web development","potentialAction":[{"@type":"SearchAction","target":{"@type":"EntryPoint","urlTemplate":"http:\/\/janahobson.com\/cs\/?s={search_term_string}"},"query-input":{"@type":"PropertyValueSpecification","valueRequired":true,"valueName":"search_term_string"}}],"inLanguage":"cs"}]}},"_links":{"self":[{"href":"http:\/\/janahobson.com\/cs\/wp-json\/wp\/v2\/pages\/1479\/"}],"collection":[{"href":"http:\/\/janahobson.com\/cs\/wp-json\/wp\/v2\/pages\/"}],"about":[{"href":"http:\/\/janahobson.com\/cs\/wp-json\/wp\/v2\/types\/page\/"}],"author":[{"embeddable":true,"href":"http:\/\/janahobson.com\/cs\/wp-json\/wp\/v2\/users\/3\/"}],"replies":[{"embeddable":true,"href":"http:\/\/janahobson.com\/cs\/wp-json\/wp\/v2\/comments\/?post=1479"}],"version-history":[{"count":24,"href":"http:\/\/janahobson.com\/cs\/wp-json\/wp\/v2\/pages\/1479\/revisions\/"}],"predecessor-version":[{"id":2583,"href":"http:\/\/janahobson.com\/cs\/wp-json\/wp\/v2\/pages\/1479\/revisions\/2583\/"}],"wp:attachment":[{"href":"http:\/\/janahobson.com\/cs\/wp-json\/wp\/v2\/media\/?parent=1479"}],"curies":[{"name":"wp","href":"https:\/\/api.w.org\/{rel}","templated":true}]}}